{"id":2402,"date":"2024-02-23T19:33:39","date_gmt":"2024-02-23T18:33:39","guid":{"rendered":"https:\/\/lepoitevin.com\/?page_id=2402"},"modified":"2024-02-23T20:21:15","modified_gmt":"2024-02-23T19:21:15","slug":"parlanjhe-poetou-biblloteque","status":"publish","type":"page","link":"https:\/\/lepoitevin.com\/pv\/parlanjhe-poetou-biblloteque\/","title":{"rendered":"L\u00e9 parlanjhe dau poetou &#8211; Bibllot\u00e9que dau sun"},"content":{"rendered":"<div class=\"wpb-content-wrapper\"><p>[vc_row][vc_column][vc_column_text]Nout&#8217; bibllot\u00e9que dau sun su \u00e7hou parlanjhe doun&#8217; la chance dau z&#8217;\u00e9chouti beatai pi l\u00e9 diversitai dau nout&#8217; lingue. \u00d4 l&#8217;\u00e9t itou, peur z-ou s\u00f4uv\u00e0e \u00e7helle-chi, b\u00e9n su, en <span class=\"x193iq5w xeuugli x13faqbe x1vvkbs x1xmvt09 x1lliihq x1s928wv xhkezso x1gmr53x x1cpjm7i x1fgarty x1943h6x xudqn12 x3x7a5m x6prxxf xvq8zen xo1l8bm xzsf02u x1yc453h\" dir=\"auto\">ane\u00f9t.<\/span>[\/vc_column_text][\/vc_column][\/vc_row][vc_row][vc_column][vc_column_text]<div class=\"frm_forms  with_frm_style frm_style_divi\" id=\"frm_form_14_container\" data-token=\"b01ed65b1406af54270be6924d7d4dd0\">\n<form enctype=\"multipart\/form-data\" method=\"post\" class=\"frm-show-form  frm_js_validate  frm_ajax_submit  frm_pro_form \" id=\"form_rcoltelinguistiquepopulaire\" data-token=\"b01ed65b1406af54270be6924d7d4dd0\">\n<div class=\"frm_form_fields \">\n<fieldset>\n<legend class=\"frm_screen_reader\">R\u00e9colte linguistique populaire<\/legend>\r\n\r\n<div class=\"frm_fields_container\">\n<input type=\"hidden\" name=\"frm_action\" value=\"create\" \/>\n<input type=\"hidden\" name=\"form_id\" value=\"14\" \/>\n<input type=\"hidden\" name=\"frm_hide_fields_14\" id=\"frm_hide_fields_14\" value=\"\" \/>\n<input type=\"hidden\" name=\"form_key\" value=\"rcoltelinguistiquepopulaire\" \/>\n<input type=\"hidden\" name=\"item_meta[0]\" value=\"\" \/>\n<input type=\"hidden\" id=\"frm_submit_entry_14\" name=\"frm_submit_entry_14\" value=\"746b23dbed\" \/><input type=\"hidden\" name=\"_wp_http_referer\" value=\"\/pv\/wp-json\/wp\/v2\/pages\/2402\" \/><input type=\"hidden\" name=\"item_meta[177]\" id=\"field_f57vq\" value=\"\" data-frmval=\"\"\/>\n<input type=\"hidden\" name=\"item_meta[186]\" id=\"field_wk7cc\" value=\"\/pv\/wp-json\/wp\/v2\/pages\/2402\"  data-frmval=\"\/pv\/wp-json\/wp\/v2\/pages\/2402\"   \/>\n<input type=\"hidden\" name=\"item_meta[185]\" id=\"field_gs95a\" value=\"SR-001-PV\"  data-frmval=\"SR-001-PV\"   \/>\n<div id=\"frm_field_169_container\" class=\"frm_form_field form-field  frm_required_field frm_inside_container\">\r\n    <label for=\"field_zw152\" id=\"field_zw152_label\" class=\"frm_primary_label\">Nom \/ Pr\u00e9nom\r\n        <span class=\"frm_required\" aria-hidden=\"true\">*<\/span>\r\n    <\/label>\r\n    <input  type=\"text\" id=\"field_zw152\" name=\"item_meta[169]\" value=\"\"  data-reqmsg=\"Ce champ ne peut pas \u00eatre vide\" aria-required=\"true\" data-invmsg=\"texte est non valide\" aria-invalid=\"false\"   \/>\r\n    \r\n    \r\n<\/div>\n<div id=\"frm_field_170_container\" class=\"frm_form_field form-field  frm_required_field frm_inside_container\">\r\n    <label for=\"field_g99ml\" id=\"field_g99ml_label\" class=\"frm_primary_label\">Courriel\r\n        <span class=\"frm_required\" aria-hidden=\"true\">*<\/span>\r\n    <\/label>\r\n    <input type=\"email\" id=\"field_g99ml\" name=\"item_meta[170]\" value=\"\"  data-reqmsg=\"Ce champ ne peut pas \u00eatre vide\" aria-required=\"true\" data-invmsg=\"Email est non valide\" aria-invalid=\"false\"  \/>\r\n    \r\n    \r\n<\/div>\n<div id=\"frm_field_172_container\" class=\"frm_form_field form-field  frm_required_field frm_inside_container frm_label_float_top\">\r\n    <label for=\"field_l66zs\" id=\"field_l66zs_label\" class=\"frm_primary_label\">De quel territoire \u00eates-vous ?\r\n        <span class=\"frm_required\" aria-hidden=\"true\">*<\/span>\r\n    <\/label>\r\n    \t\t<select name=\"item_meta[172]\" id=\"field_l66zs\"  data-frmval=\"Vienne\" data-reqmsg=\"Ce champ ne peut pas \u00eatre vide\" aria-required=\"true\" data-invmsg=\"De quel territoire \u00eates-vous ? is invalid\" aria-invalid=\"false\"  >\n\t\t<option  value=\"Vienne\" selected='selected'>Vienne<\/option><option  value=\"Deux-S\u00e8vres\">Deux-S\u00e8vres<\/option><option  value=\"Vend\u00e9e\">Vend\u00e9e<\/option><option  value=\"Charente\">Charente<\/option><option  value=\"Charente-Maritime\">Charente-Maritime<\/option><option  value=\"Autre d\u00e9partement\">Autre d\u00e9partement<\/option><option  value=\"\u00c0 l&#039;\u00e9tranger\">\u00c0 l&#039;\u00e9tranger<\/option>\t<\/select>\n\t\r\n    \r\n    \r\n<\/div>\n<div id=\"frm_field_173_container\" class=\"frm_form_field form-field  frm_inside_container frm_label_float_top\">\r\n    <label for=\"field_1ji67\" id=\"field_1ji67_label\" class=\"frm_primary_label\">Liste d\u00e9roulante\r\n        <span class=\"frm_required\" aria-hidden=\"true\"><\/span>\r\n    <\/label>\r\n    \t\t<select name=\"item_meta[173]\" id=\"field_1ji67\"  data-frmval=\"Qu\u00e9bec\" data-invmsg=\"Liste d\u00e9roulante is invalid\" aria-invalid=\"false\"  >\n\t\t<option  value=\"Qu\u00e9bec\" selected='selected'>Qu\u00e9bec<\/option><option  value=\"Acadie\">Acadie<\/option><option  value=\"Louisiane\">Louisiane<\/option><option  value=\"Autres provinces \/ pays\">Autres provinces \/ pays<\/option>\t<\/select>\n\t\r\n    \r\n    \r\n<\/div>\n<div id=\"frm_field_174_container\" class=\"frm_form_field form-field  frm_required_field frm_inside_container\">\r\n    <label for=\"field_d4e0n\" id=\"field_d4e0n_label\" class=\"frm_primary_label\">Expression propos\u00e9e (en fran\u00e7ais)\r\n        <span class=\"frm_required\" aria-hidden=\"true\">*<\/span>\r\n    <\/label>\r\n    <input  type=\"text\" id=\"field_d4e0n\" name=\"item_meta[174]\" value=\"\"  data-reqmsg=\"Ce champ ne peut pas \u00eatre vide\" aria-required=\"true\" data-invmsg=\"texte est non valide\" aria-invalid=\"false\"   \/>\r\n    \r\n    \r\n<\/div>\n<div id=\"frm_field_175_container\" class=\"frm_form_field form-field  frm_required_field frm_inside_container\">\r\n    <label for=\"field_d99i2\" id=\"field_d99i2_label\" class=\"frm_primary_label\">Sa traduction en poitevin\r\n        <span class=\"frm_required\" aria-hidden=\"true\">*<\/span>\r\n    <\/label>\r\n    <input  type=\"text\" id=\"field_d99i2\" name=\"item_meta[175]\" value=\"\"  data-reqmsg=\"Ce champ ne peut pas \u00eatre vide\" aria-required=\"true\" data-invmsg=\"texte est non valide\" aria-invalid=\"false\"   \/>\r\n    \r\n    \r\n<\/div>\n<div id=\"frm_field_179_container\" class=\"frm_form_field form-field  frm_required_field frm_inside_container\">\r\n    <label for=\"field_bg93w\" id=\"field_bg93w_label\" class=\"frm_primary_label\">De quel Territoire \/ Terroir \/ Localit\u00e9 vient cette expression ?\r\n        <span class=\"frm_required\" aria-hidden=\"true\">*<\/span>\r\n    <\/label>\r\n    <input  type=\"text\" id=\"field_bg93w\" name=\"item_meta[179]\" value=\"\"  data-reqmsg=\"Ce champ ne peut pas \u00eatre vide\" aria-required=\"true\" data-invmsg=\"texte est non valide\" aria-invalid=\"false\"   \/>\r\n    \r\n    \r\n<\/div>\n<div id=\"frm_field_183_container\" class=\"frm_form_field form-field  frm_required_field frm_top_container vertical_radio\">\r\n    <div  id=\"field_thck9_label\" class=\"frm_primary_label\">Influence \/ Origine de l'expression\r\n        <span class=\"frm_required\" aria-hidden=\"true\">*<\/span>\r\n    <\/div>\r\n    <div class=\"frm_opt_container\" aria-labelledby=\"field_thck9_label\" role=\"group\">\t\t<div class=\"frm_checkbox\" id=\"frm_checkbox_183-0\">\t\t\t<label  for=\"field_thck9-0\">\n\t\t\t<input type=\"checkbox\" name=\"item_meta[183][]\" id=\"field_thck9-0\" value=\"vienne\"  data-reqmsg=\"Ce champ ne peut pas \u00eatre vide\" data-invmsg=\"Influence \/ Origine de l&#039;expression is invalid\"   aria-required=\"true\"  \/> Vienne<\/label><\/div>\n\t\t<div class=\"frm_checkbox\" id=\"frm_checkbox_183-1\">\t\t\t<label  for=\"field_thck9-1\">\n\t\t\t<input type=\"checkbox\" name=\"item_meta[183][]\" id=\"field_thck9-1\" value=\"deux-s\u00e8vres\"  data-reqmsg=\"Ce champ ne peut pas \u00eatre vide\" data-invmsg=\"Influence \/ Origine de l&#039;expression is invalid\"   \/> Deux-S\u00e8vres<\/label><\/div>\n\t\t<div class=\"frm_checkbox\" id=\"frm_checkbox_183-2\">\t\t\t<label  for=\"field_thck9-2\">\n\t\t\t<input type=\"checkbox\" name=\"item_meta[183][]\" id=\"field_thck9-2\" value=\"vend\u00e9e\"  data-reqmsg=\"Ce champ ne peut pas \u00eatre vide\" data-invmsg=\"Influence \/ Origine de l&#039;expression is invalid\"   \/> Vend\u00e9e<\/label><\/div>\n<\/div>\r\n    \r\n    \r\n<\/div>\n<div id=\"frm_field_181_container\" class=\"frm_form_field form-field  frm_inside_container\">\r\n    <label for=\"field_od0hq\" id=\"field_od0hq_label\" class=\"frm_primary_label\">Indiquer un contexte s'il y a\r\n        <span class=\"frm_required\" aria-hidden=\"true\"><\/span>\r\n    <\/label>\r\n    <input  type=\"text\" id=\"field_od0hq\" name=\"item_meta[181]\" value=\"\"  data-invmsg=\"texte est non valide\" aria-invalid=\"false\"   \/>\r\n    \r\n    \r\n<\/div>\n<div id=\"frm_field_182_container\" class=\"frm_form_field form-field  frm_inside_container\">\r\n    <label for=\"field_zw07p\" id=\"field_zw07p_label\" class=\"frm_primary_label\">Autres pr\u00e9cisions sur l'expression ?\r\n        <span class=\"frm_required\" aria-hidden=\"true\"><\/span>\r\n    <\/label>\r\n    <textarea name=\"item_meta[182]\" id=\"field_zw07p\" rows=\"5\"  data-invmsg=\"Autres pr\u00e9cisions sur l&#039;expression ? is invalid\" aria-invalid=\"false\"   aria-describedby=\"frm_desc_field_zw07p\"><\/textarea>\r\n    <div class=\"frm_description\" id=\"frm_desc_field_zw07p\">En quelques mots ... <\/div>\r\n    \r\n<\/div>\n<div id=\"frm_field_180_container\" class=\"frm_form_field form-field  frm_top_container vertical_radio\">\r\n    <div  id=\"field_y0yf_label\" class=\"frm_primary_label\">Enregistrement sonore\r\n        <span class=\"frm_required\" aria-hidden=\"true\"><\/span>\r\n    <\/div>\r\n    <div class=\"frm_opt_container\" aria-labelledby=\"field_y0yf_label\" role=\"group\">\t\t<div class=\"frm_checkbox\" id=\"frm_checkbox_180-0\">\t\t\t<label  for=\"field_y0yf-0\">\n\t\t\t<input type=\"checkbox\" name=\"item_meta[180][]\" id=\"field_y0yf-0\" value=\"J&#039;ajoute mon enregistrement sonore\"  data-frmlimit=\"1\"  data-invmsg=\"Enregistrement sonore is invalid\"   \/> J'ajoute mon enregistrement sonore<\/label><\/div>\n\t\t<div class=\"frm_checkbox\" id=\"frm_checkbox_180-1\">\t\t\t<label  for=\"field_y0yf-1\">\n\t\t\t<input type=\"checkbox\" name=\"item_meta[180][]\" id=\"field_y0yf-1\" value=\"Je souhaite votre enregistrement sonore (C&#039;est nous qui dirons votre expression)\"  data-frmlimit=\"1\"  data-invmsg=\"Enregistrement sonore is invalid\"   \/> Je souhaite votre enregistrement sonore (C'est nous qui dirons votre expression)<\/label><\/div>\n<\/div>\r\n    <div class=\"frm_description\" id=\"frm_desc_field_y0yf\">Voici le lien pour votre enregistrement sonore :\r\n <a target=\"_bank\" href=\"https:\/\/online-voice-recorder.com\/fr\/\">Enregistrer ma capsule sonore<\/a><\/div>\r\n    \r\n<\/div>\n<div id=\"frm_field_176_container\" class=\"frm_form_field form-field  frm_top_container\">\r\n    <label for=\"field_lgxjx\" id=\"field_lgxjx_label\" class=\"frm_primary_label\">Voulez-vous proposer la version sonore ? (Pas obligatoire)\r\n        <span class=\"frm_required\" aria-hidden=\"true\"><\/span>\r\n    <\/label>\r\n    <input type=\"hidden\"  data-invmsg=\"T\u00e9l\u00e9versement de fichier est non valide\" aria-invalid=\"false\"   name=\"item_meta[176]\"  value=\"\" data-frmfile=\"176\" \/>\n\n<div class=\"frm_dropzone frm_single_upload frm_clearfix\" id=\"file176_dropzone\" role=\"group\"  aria-describedby=\"frm_desc_field_lgxjx\">\n\t<div class=\"fallback\">\n\t\t<input type=\"file\" name=\"file176\" id=\"field_lgxjx\"\n\t\t\t data-invmsg=\"T\u00e9l\u00e9versement de fichier est non valide\" aria-invalid=\"false\"  \t\t\t\/>\n\t\t\t\t<div class=\"frm_clearfix \"><\/div>\n\t<\/div>\n\t<div class=\"dz-message needsclick\">\n\t\t\t\t<svg  viewBox=\"0 0 18 18\" class=\"frmsvg frm-svg-icon\">\n\t<path viewBox=\"0 0 18 18\" fill-rule=\"evenodd\" clip-rule=\"evenodd\" d=\"M8.2 4v8a.8.8 0 001.5 0V4l2.1 2.2A.7.7 0 1013 5L9.5 1.7a.7.7 0 00-1.1 0L5.1 5.2a.8.8 0 001 1l2.1-2zm7.6 4.3c.4 0 .7.3.7.7v6.8c0 .4-.3.7-.8.7H2.3a.8.8 0 01-.8-.8V9A.8.8 0 013 9v6h12V9c0-.4.3-.8.8-.8z\"><\/path>\n<\/svg>\t\t<span class=\"frm_upload_text\"><button type=\"button\" aria-label=\"Voulez-vous proposer la version sonore ? (Pas obligatoire). D\u00e9poser un fichier ici ou cliquer pour t\u00e9l\u00e9charger. Maximum file size: 67.11MB\">D\u00e9poser un fichier ici ou cliquer pour t\u00e9l\u00e9charger<\/button><\/span>\n\t\t<span class=\"frm_compact_text\"><button type=\"button\" aria-label=\"Voulez-vous proposer la version sonore ? (Pas obligatoire). Choisir un fichier. Maximum file size: 67.11MB\">Choisir un fichier<\/button><\/span>\n\t\t<div class=\"frm_small_text\">\n\t\t\t<p>Maximum file size: 67.11MB<\/p>\n\t\t<\/div>\n\t<\/div>\n<\/div>\n\t\r\n    <div class=\"frm_description\" id=\"frm_desc_field_lgxjx\">Maximum de 4 \u00e0 5 secondes. Simplement dire votre phrase en poitevin.  <a target=\"_bank\" href=\"https:\/\/lepoitevin.com\/les-capsules\/\">Voir un exemple<\/a>. Si vous ne mettez pas de capsule sonore, nous le ferons pour vous.<\/div>\r\n    \r\n<\/div>\n<div id=\"frm_field_184_container\" class=\"frm_form_field form-field  frm_required_field frm_top_container vertical_radio\">\r\n    <div  id=\"field_evbf7_label\" class=\"frm_primary_label\">J'accepte d'envoyer cette capsule sonore dans la biblioth\u00e8que publique.  Si je me r\u00e9tracte, je demanderais par \u00e9crit le retrait de ma capsule sonore.\r\n        <span class=\"frm_required\" aria-hidden=\"true\">*<\/span>\r\n    <\/div>\r\n    <div class=\"frm_opt_container\" aria-labelledby=\"field_evbf7_label\" role=\"group\">\t\t<div class=\"frm_checkbox\" id=\"frm_checkbox_184-0\">\t\t\t<label  for=\"field_evbf7-0\">\n\t\t\t<input type=\"checkbox\" name=\"item_meta[184][]\" id=\"field_evbf7-0\" value=\"Oui\"  data-reqmsg=\"Ce champ ne peut pas \u00eatre vide\" data-invmsg=\"J&#039;accepte d&#039;envoyer cette capsule sonore dans la biblioth\u00e8que publique.  Si je me r\u00e9tracte, je demanderais par \u00e9crit le retrait de ma capsule sonore. is invalid\"   aria-required=\"true\"  \/> Oui<\/label><\/div>\n<\/div>\r\n    \r\n    \r\n<\/div>\n\t<input type=\"hidden\" name=\"item_key\" value=\"\" \/>\n\t\t\t<div id=\"frm_field_190_container\">\n\t\t\t<label for=\"field_hb2h1\" >\n\t\t\t\tIf you are human, leave this field blank.\t\t\t<\/label>\n\t\t\t<input  id=\"field_hb2h1\" type=\"text\" class=\"frm_form_field form-field frm_verify\" name=\"item_meta[190]\" value=\"\"  \/>\n\t\t<\/div>\n\t\t<input name=\"frm_state\" type=\"hidden\" value=\"XHoxKYfzV9r5b8Y26ceSMfHg6gXmptajO3J0ap+JO2QCcyU3PhxiipPgQE9nv8yl\" \/><div class=\"frm_submit\">\r\n\r\n<button class=\"frm_button_submit frm_final_submit\" type=\"submit\"   formnovalidate=\"formnovalidate\">Envoyer<\/button>\r\n\r\n<\/div><\/div>\n<\/fieldset>\n<\/div>\n\n<\/form>\n<\/div>\n[\/vc_column_text][\/vc_column][\/vc_row]<\/p>\n<\/div>","protected":false},"excerpt":{"rendered":"<p>[vc_row][vc_column][vc_column_text]Nout&#8217; bibllot\u00e9que dau sun su \u00e7hou parlanjhe doun&#8217; la chance dau z&#8217;\u00e9chouti beatai pi l\u00e9 diversitai dau nout&#8217; lingue. \u00d4 l&#8217;\u00e9t itou, peur z-ou s\u00f4uv\u00e0e \u00e7helle-chi, b\u00e9n su, en ane\u00f9t.[\/vc_column_text][\/vc_column][\/vc_row][vc_row][vc_column][vc_column_text][\/vc_column_text][\/vc_column][\/vc_row]<\/p>\n","protected":false},"author":1,"featured_media":0,"parent":0,"menu_order":0,"comment_status":"closed","ping_status":"closed","template":"","meta":{"_acf_changed":false,"footnotes":""},"class_list":["post-2402","page","type-page","status-publish","hentry"],"acf":[],"yoast_head":"<!-- This site is optimized with the Yoast SEO plugin v26.6 - https:\/\/yoast.com\/wordpress\/plugins\/seo\/ -->\n<title>L\u00e9 parlanjhe dau poetou - Bibllot\u00e9que dau sun - Le Poitevin<\/title>\n<meta name=\"robots\" content=\"index, follow, max-snippet:-1, max-image-preview:large, max-video-preview:-1\" \/>\n<link rel=\"canonical\" href=\"https:\/\/lepoitevin.com\/pv\/parlanjhe-poetou-biblloteque\/\" \/>\n<meta property=\"og:locale\" content=\"en_US\" \/>\n<meta property=\"og:type\" content=\"article\" \/>\n<meta property=\"og:title\" content=\"L\u00e9 parlanjhe dau poetou - Bibllot\u00e9que dau sun - Le Poitevin\" \/>\n<meta property=\"og:description\" content=\"[vc_row][vc_column][vc_column_text]Nout&#8217; bibllot\u00e9que dau sun su \u00e7hou parlanjhe doun&#8217; la chance dau z&#8217;\u00e9chouti beatai pi l\u00e9 diversitai dau nout&#8217; lingue. \u00d4 l&#8217;\u00e9t itou, peur z-ou s\u00f4uv\u00e0e \u00e7helle-chi, b\u00e9n su, en ane\u00f9t.[\/vc_column_text][\/vc_column][\/vc_row][vc_row][vc_column][vc_column_text][\/vc_column_text][\/vc_column][\/vc_row]\" \/>\n<meta property=\"og:url\" content=\"https:\/\/lepoitevin.com\/pv\/parlanjhe-poetou-biblloteque\/\" \/>\n<meta property=\"og:site_name\" content=\"Le Poitevin\" \/>\n<meta property=\"article:publisher\" content=\"https:\/\/www.facebook.com\/academielepoitevin\/\" \/>\n<meta property=\"article:modified_time\" content=\"2024-02-23T19:21:15+00:00\" \/>\n<meta name=\"twitter:card\" content=\"summary_large_image\" \/>\n<meta name=\"twitter:label1\" content=\"Est. reading time\" \/>\n\t<meta name=\"twitter:data1\" content=\"1 minute\" \/>\n<script type=\"application\/ld+json\" class=\"yoast-schema-graph\">{\"@context\":\"https:\/\/schema.org\",\"@graph\":[{\"@type\":\"WebPage\",\"@id\":\"https:\/\/lepoitevin.com\/pv\/parlanjhe-poetou-biblloteque\/\",\"url\":\"https:\/\/lepoitevin.com\/pv\/parlanjhe-poetou-biblloteque\/\",\"name\":\"L\u00e9 parlanjhe dau poetou - Bibllot\u00e9que dau sun - Le Poitevin\",\"isPartOf\":{\"@id\":\"https:\/\/lepoitevin.com\/pv\/#website\"},\"datePublished\":\"2024-02-23T18:33:39+00:00\",\"dateModified\":\"2024-02-23T19:21:15+00:00\",\"breadcrumb\":{\"@id\":\"https:\/\/lepoitevin.com\/pv\/parlanjhe-poetou-biblloteque\/#breadcrumb\"},\"inLanguage\":\"pv-PV\",\"potentialAction\":[{\"@type\":\"ReadAction\",\"target\":[\"https:\/\/lepoitevin.com\/pv\/parlanjhe-poetou-biblloteque\/\"]}]},{\"@type\":\"BreadcrumbList\",\"@id\":\"https:\/\/lepoitevin.com\/pv\/parlanjhe-poetou-biblloteque\/#breadcrumb\",\"itemListElement\":[{\"@type\":\"ListItem\",\"position\":1,\"name\":\"Accueil\",\"item\":\"https:\/\/lepoitevin.com\/pv\/\"},{\"@type\":\"ListItem\",\"position\":2,\"name\":\"L\u00e9 parlanjhe dau poetou &#8211; Bibllot\u00e9que dau sun\"}]},{\"@type\":\"WebSite\",\"@id\":\"https:\/\/lepoitevin.com\/pv\/#website\",\"url\":\"https:\/\/lepoitevin.com\/pv\/\",\"name\":\"Le Poitevin\",\"description\":\"Acad\u00e9mie de la langue Poitevine\",\"publisher\":{\"@id\":\"https:\/\/lepoitevin.com\/pv\/#organization\"},\"potentialAction\":[{\"@type\":\"SearchAction\",\"target\":{\"@type\":\"EntryPoint\",\"urlTemplate\":\"https:\/\/lepoitevin.com\/pv\/?s={search_term_string}\"},\"query-input\":{\"@type\":\"PropertyValueSpecification\",\"valueRequired\":true,\"valueName\":\"search_term_string\"}}],\"inLanguage\":\"pv-PV\"},{\"@type\":\"Organization\",\"@id\":\"https:\/\/lepoitevin.com\/pv\/#organization\",\"name\":\"Acad\u00e9mie Le Poitevin\",\"url\":\"https:\/\/lepoitevin.com\/pv\/\",\"logo\":{\"@type\":\"ImageObject\",\"inLanguage\":\"pv-PV\",\"@id\":\"https:\/\/lepoitevin.com\/pv\/#\/schema\/logo\/image\/\",\"url\":\"https:\/\/lepoitevin.com\/wp-content\/uploads\/2019\/10\/cropped-Logo-Academie-de-la-langue-Poitevine.png\",\"contentUrl\":\"https:\/\/lepoitevin.com\/wp-content\/uploads\/2019\/10\/cropped-Logo-Academie-de-la-langue-Poitevine.png\",\"width\":255,\"height\":250,\"caption\":\"Acad\u00e9mie Le Poitevin\"},\"image\":{\"@id\":\"https:\/\/lepoitevin.com\/pv\/#\/schema\/logo\/image\/\"},\"sameAs\":[\"https:\/\/www.facebook.com\/academielepoitevin\/\"]}]}<\/script>\n<!-- \/ Yoast SEO plugin. -->","yoast_head_json":{"title":"L\u00e9 parlanjhe dau poetou - Bibllot\u00e9que dau sun - Le Poitevin","robots":{"index":"index","follow":"follow","max-snippet":"max-snippet:-1","max-image-preview":"max-image-preview:large","max-video-preview":"max-video-preview:-1"},"canonical":"https:\/\/lepoitevin.com\/pv\/parlanjhe-poetou-biblloteque\/","og_locale":"en_US","og_type":"article","og_title":"L\u00e9 parlanjhe dau poetou - Bibllot\u00e9que dau sun - Le Poitevin","og_description":"[vc_row][vc_column][vc_column_text]Nout&#8217; bibllot\u00e9que dau sun su \u00e7hou parlanjhe doun&#8217; la chance dau z&#8217;\u00e9chouti beatai pi l\u00e9 diversitai dau nout&#8217; lingue. \u00d4 l&#8217;\u00e9t itou, peur z-ou s\u00f4uv\u00e0e \u00e7helle-chi, b\u00e9n su, en ane\u00f9t.[\/vc_column_text][\/vc_column][\/vc_row][vc_row][vc_column][vc_column_text][\/vc_column_text][\/vc_column][\/vc_row]","og_url":"https:\/\/lepoitevin.com\/pv\/parlanjhe-poetou-biblloteque\/","og_site_name":"Le Poitevin","article_publisher":"https:\/\/www.facebook.com\/academielepoitevin\/","article_modified_time":"2024-02-23T19:21:15+00:00","twitter_card":"summary_large_image","twitter_misc":{"Est. reading time":"1 minute"},"schema":{"@context":"https:\/\/schema.org","@graph":[{"@type":"WebPage","@id":"https:\/\/lepoitevin.com\/pv\/parlanjhe-poetou-biblloteque\/","url":"https:\/\/lepoitevin.com\/pv\/parlanjhe-poetou-biblloteque\/","name":"L\u00e9 parlanjhe dau poetou - Bibllot\u00e9que dau sun - Le Poitevin","isPartOf":{"@id":"https:\/\/lepoitevin.com\/pv\/#website"},"datePublished":"2024-02-23T18:33:39+00:00","dateModified":"2024-02-23T19:21:15+00:00","breadcrumb":{"@id":"https:\/\/lepoitevin.com\/pv\/parlanjhe-poetou-biblloteque\/#breadcrumb"},"inLanguage":"pv-PV","potentialAction":[{"@type":"ReadAction","target":["https:\/\/lepoitevin.com\/pv\/parlanjhe-poetou-biblloteque\/"]}]},{"@type":"BreadcrumbList","@id":"https:\/\/lepoitevin.com\/pv\/parlanjhe-poetou-biblloteque\/#breadcrumb","itemListElement":[{"@type":"ListItem","position":1,"name":"Accueil","item":"https:\/\/lepoitevin.com\/pv\/"},{"@type":"ListItem","position":2,"name":"L\u00e9 parlanjhe dau poetou &#8211; Bibllot\u00e9que dau sun"}]},{"@type":"WebSite","@id":"https:\/\/lepoitevin.com\/pv\/#website","url":"https:\/\/lepoitevin.com\/pv\/","name":"Le Poitevin","description":"Acad\u00e9mie de la langue Poitevine","publisher":{"@id":"https:\/\/lepoitevin.com\/pv\/#organization"},"potentialAction":[{"@type":"SearchAction","target":{"@type":"EntryPoint","urlTemplate":"https:\/\/lepoitevin.com\/pv\/?s={search_term_string}"},"query-input":{"@type":"PropertyValueSpecification","valueRequired":true,"valueName":"search_term_string"}}],"inLanguage":"pv-PV"},{"@type":"Organization","@id":"https:\/\/lepoitevin.com\/pv\/#organization","name":"Acad\u00e9mie Le Poitevin","url":"https:\/\/lepoitevin.com\/pv\/","logo":{"@type":"ImageObject","inLanguage":"pv-PV","@id":"https:\/\/lepoitevin.com\/pv\/#\/schema\/logo\/image\/","url":"https:\/\/lepoitevin.com\/wp-content\/uploads\/2019\/10\/cropped-Logo-Academie-de-la-langue-Poitevine.png","contentUrl":"https:\/\/lepoitevin.com\/wp-content\/uploads\/2019\/10\/cropped-Logo-Academie-de-la-langue-Poitevine.png","width":255,"height":250,"caption":"Acad\u00e9mie Le Poitevin"},"image":{"@id":"https:\/\/lepoitevin.com\/pv\/#\/schema\/logo\/image\/"},"sameAs":["https:\/\/www.facebook.com\/academielepoitevin\/"]}]}},"_links":{"self":[{"href":"https:\/\/lepoitevin.com\/pv\/wp-json\/wp\/v2\/pages\/2402","targetHints":{"allow":["GET"]}}],"collection":[{"href":"https:\/\/lepoitevin.com\/pv\/wp-json\/wp\/v2\/pages"}],"about":[{"href":"https:\/\/lepoitevin.com\/pv\/wp-json\/wp\/v2\/types\/page"}],"author":[{"embeddable":true,"href":"https:\/\/lepoitevin.com\/pv\/wp-json\/wp\/v2\/users\/1"}],"replies":[{"embeddable":true,"href":"https:\/\/lepoitevin.com\/pv\/wp-json\/wp\/v2\/comments?post=2402"}],"version-history":[{"count":5,"href":"https:\/\/lepoitevin.com\/pv\/wp-json\/wp\/v2\/pages\/2402\/revisions"}],"predecessor-version":[{"id":2408,"href":"https:\/\/lepoitevin.com\/pv\/wp-json\/wp\/v2\/pages\/2402\/revisions\/2408"}],"wp:attachment":[{"href":"https:\/\/lepoitevin.com\/pv\/wp-json\/wp\/v2\/media?parent=2402"}],"curies":[{"name":"wp","href":"https:\/\/api.w.org\/{rel}","templated":true}]}}